{"id":8423,"date":"2017-05-30T12:45:14","date_gmt":"2017-05-30T10:45:14","guid":{"rendered":"https:\/\/www.demoderm.com\/shipping-and-payment\/"},"modified":"2023-07-18T13:26:59","modified_gmt":"2023-07-18T11:26:59","slug":"verzending-betaling","status":"publish","type":"page","link":"https:\/\/www.demoderm.com\/nl\/verzending-betaling\/","title":{"rendered":"Verzending &#038; betaling"},"content":{"rendered":"<div id=\"pl-8423\"  class=\"panel-layout\" ><div id=\"pg-8423-0\"  class=\"panel-grid panel-has-style\" ><div class=\"row-page-header panel-row-style panel-row-style-for-8423-0\" ><div id=\"pgc-8423-0-0\"  class=\"panel-grid-cell\" ><div id=\"panel-8423-0-0-0\" class=\"so-panel widget widget_sow-editor panel-first-child panel-last-child\" data-index=\"0\" ><div\n\t\t\t\n\t\t\tclass=\"so-widget-sow-editor so-widget-sow-editor-base\"\n\t\t\t\n\t\t>\n<div class=\"siteorigin-widget-tinymce textwidget\">\n\t<h1>Verzending & betaling<\/h1>\n<\/div>\n<\/div><\/div><\/div><\/div><\/div><div id=\"pg-8423-1\"  class=\"panel-grid panel-has-style\" ><div class=\"mt-50 mt-40-m mt-30-s panel-row-style panel-row-style-for-8423-1\" ><div id=\"pgc-8423-1-0\"  class=\"panel-grid-cell\" ><div id=\"panel-8423-1-0-0\" class=\"so-panel widget widget_text panel-first-child\" data-index=\"1\" ><div class=\"mb-30 mb-20-s panel-widget-style panel-widget-style-for-8423-1-0-0\" >\t\t\t<div class=\"textwidget\"><h3>Informatie over verzending<\/h3>\n<\/div>\n\t\t<\/div><\/div><div id=\"panel-8423-1-0-1\" class=\"so-panel widget widget_text\" data-index=\"2\" ><div class=\"mb-20 panel-widget-style panel-widget-style-for-8423-1-0-1\" >\t\t\t<div class=\"textwidget\"><p>Wij versturen op dit moment naar onder genoemde landen \u2013 in het algemeen via DHL en Deutsche Post.<\/p>\n<\/div>\n\t\t<\/div><\/div><div id=\"panel-8423-1-0-2\" class=\"widget_text so-panel widget widget_custom_html\" data-index=\"3\" ><div class=\"widget_text ob-table obt-shipping mb-20 panel-widget-style panel-widget-style-for-8423-1-0-2\" ><div class=\"textwidget custom-html-widget\"><table>\n\t<thead>\n\t\t<tr>\n\t    <th><\/th>\n\t    <th>Duitsland<\/th>\n\t\t  <th>Zwitserland, Liechtenstein, Noorwegen<\/th>\n\t\t  <th>Andere EU-landen*<\/th>\n\t\t<\/tr>\n\t<\/thead>\n\t<tbody>\n\t\t<tr>\n\t    <td>Verzending<\/td>\n\t\t  <td>5,95 \u20ac<\/td>\n\t\t  <td>19,95 \u20ac<\/td>\n\t\t  <td>12,95 \u20ac<\/td>\n\t\t<\/tr>\n\t\t<tr>\n\t    <td>Gratis verzending<\/td>\n\t\t  <td>> 100,- \u20ac<\/td>\n\t\t  <td>> 150,- \u20ac<\/td>\n\t\t  <td>> 120,- \u20ac<\/td>\n\t\t<\/tr>\n\t<\/tbody>\n<\/table><\/div><\/div><\/div><div id=\"panel-8423-1-0-3\" class=\"widget_text so-panel widget widget_custom_html\" data-index=\"4\" ><div class=\"widget_text ob-table obt-shipping obt-mobile mb-20 panel-widget-style panel-widget-style-for-8423-1-0-3\" ><div class=\"textwidget custom-html-widget\"><table>\n\t<thead>\n\t\t<tr>\n\t    <th><\/th>\n\t    <th>Duitsland<\/th>\n\t\t<\/tr>\n\t<\/thead>\n\t<tbody>\n\t\t<tr>\n\t    <td>Verzending<\/td>\n\t\t  <td>5,95 \u20ac<\/td>\n\t\t<\/tr>\n\t\t<tr>\n\t    <td>Gratis verzending<\/td>\n\t\t  <td>> 100,- \u20ac<\/td>\n\t\t<\/tr>\n\t<\/tbody>\n<\/table><\/div><\/div><\/div><div id=\"panel-8423-1-0-4\" class=\"widget_text so-panel widget widget_custom_html\" data-index=\"5\" ><div class=\"widget_text ob-table obt-shipping obt-mobile mb-20 panel-widget-style panel-widget-style-for-8423-1-0-4\" ><div class=\"textwidget custom-html-widget\"><table>\n\t<thead>\n\t\t<tr>\n\t    <th><\/th>\n\t\t  <th>Zwitserland, Liechtenstein, Noorwegen<\/th>\n\t\t<\/tr>\n\t<\/thead>\n\t<tbody>\n\t\t<tr>\n\t    <td>Verzending<\/td>\n\t\t  <td>19,95 \u20ac<\/td>\n\t\t<\/tr>\n\t\t<tr>\n\t    <td>Gratis verzending<\/td>\n\t\t  <td>> 150,- \u20ac<\/td>\n\t\t<\/tr>\n\t<\/tbody>\n<\/table><\/div><\/div><\/div><div id=\"panel-8423-1-0-5\" class=\"widget_text so-panel widget widget_custom_html\" data-index=\"6\" ><div class=\"widget_text ob-table obt-shipping obt-mobile mb-20 panel-widget-style panel-widget-style-for-8423-1-0-5\" ><div class=\"textwidget custom-html-widget\"><table>\n\t<thead>\n\t\t<tr>\n\t    <th><\/th>\n\t\t  <th>Andere EU-landen*<\/th>\n\t\t<\/tr>\n\t<\/thead>\n\t<tbody>\n\t\t<tr>\n\t    <td>Verzending<\/td>\n\t\t  <td>12,95 \u20ac<\/td>\n\t\t<\/tr>\n\t\t<tr>\n\t    <td>Gratis verzending<\/td>\n\t\t  <td>> 120,- \u20ac<\/td>\n\t\t<\/tr>\n\t<\/tbody>\n<\/table><\/div><\/div><\/div><div id=\"panel-8423-1-0-6\" class=\"so-panel widget widget_text\" data-index=\"7\" ><div class=\"mb-30 mb-20-s panel-widget-style panel-widget-style-for-8423-1-0-6\" >\t\t\t<div class=\"textwidget\"><p>*Belgi\u00eb, Bulgarije, Denemarken, Estland, Finland, Frankrijk, Griekenland, Itali\u00eb, Kroati\u00eb, Letland, Litouwen, Luxemburg, Nederland, Oostenrijk, Polen, Portugal, Roemeni\u00eb, Zweden, Slowakije, Sloveni\u00eb, Spanje, Tsjechische Republiek, Hongarije<\/p>\n<\/div>\n\t\t<\/div><\/div><div id=\"panel-8423-1-0-7\" class=\"so-panel widget widget_text panel-last-child\" data-index=\"8\" >\t\t\t<div class=\"textwidget\"><p>Indien de levering in een niet-EU-land wordt verricht, kunnen verdere douanerechten, belastingen of heffingen door de klant verschuldigd zijn, maar niet aan de leverancier, maar aan de douane- of belastingautoriteiten die daar verantwoordelijk zijn. De klant wordt aangeraden de details bij de douane- of belastingautoriteiten na te vragen alvorens de bestelling te plaatsen.<\/p>\n<\/div>\n\t\t<\/div><\/div><\/div><\/div><div id=\"pg-8423-2\"  class=\"panel-grid panel-has-style\" ><div class=\"mt-50 mt-40-m mt-30-s panel-row-style panel-row-style-for-8423-2\" ><div id=\"pgc-8423-2-0\"  class=\"panel-grid-cell\" ><div id=\"panel-8423-2-0-0\" class=\"so-panel widget widget_text panel-first-child\" data-index=\"9\" ><div class=\"mb-30 mb-20-s panel-widget-style panel-widget-style-for-8423-2-0-0\" >\t\t\t<div class=\"textwidget\"><h3>Betaalmethoden<\/h3>\n<\/div>\n\t\t<\/div><\/div><div id=\"panel-8423-2-0-1\" class=\"so-panel widget widget_text\" data-index=\"10\" ><div class=\"mb-20 panel-widget-style panel-widget-style-for-8423-2-0-1\" >\t\t\t<div class=\"textwidget\"><p>In onze shop staan momenteel de volgende betaalmethoden tot uw beschikking via de betalingsdienstaanbieder mollie:<\/p>\n<\/div>\n\t\t<\/div><\/div><div id=\"panel-8423-2-0-2\" class=\"so-panel widget widget_text panel-last-child\" data-index=\"11\" >\t\t\t<div class=\"textwidget\"><p><strong>PayPal, PayPal Express<\/strong><br \/>\nIn het bestelproces wordt u doorgestuurd naar de website van de online aanbieder PayPal. Om het factuurbedrag via PayPal te kunnen betalen, moet u daar geregistreerd zijn of zich eerst registreren, zich legitimeren met uw toegangsgegevens en de betalingsopdracht aan ons bevestigen. Na bestelling in de shop vragen we PayPal om de betalingstransactie te initi\u00ebren.<br \/>\nDe betalingstransactie zal door PayPal direct daarna automatisch worden uitgevoerd. Meer informatie ontvangt u tijdens het bestelproces.<\/p>\n<p><strong>Klarna SOFORT (<em>voorheen<\/em>\u00a0\u201cSofort\u00fcberweisung\u201d)<\/strong><br \/>\nNa uw bestelling wordt u doorgestuurd naar de website van de online aanbieder SOFORT \u00dcberweisung. Om het factuurbedrag via SOFORT \u00dcberweisung te kunnen betalen, dient u over een voor deelname aan SOFORT \u00dcberweisung geactiveerde betaalrekening met internetbankieren te beschikken die is beveiligd met PIN-code en TAN-code. Na identificatie dient u de betalingsopdracht aan ons te bevestigen. Meer informatie ontvangt u tijdens het bestelproces. De betalingstransactie zal direct daarna door SOFORT \u00dcberweisung worden uitgevoerd en het bedrag zal van uw rekening worden afgeschreven.<\/p>\n<p><strong>Vooraf betalen<\/strong><br \/>\nKiest u voor de betaalmethode Vooraf betalen, dan delen wij in een afzonderlijke e-mail onze bankgegevens mee en versturen de bestelling na ontvangt van de betaling.<\/p>\n<\/div>\n\t\t<\/div><\/div><\/div><\/div><\/div>","protected":false},"excerpt":{"rendered":"<p>Verzending &#038; betaling Informatie over verzending Wij versturen op dit moment naar onder genoemde landen \u2013 in het algemeen via DHL en Deutsche Post. *Belgi\u00eb, Bulgarije, Denemarken, Estland, Finland, Frankrijk, Griekenland, Itali\u00eb, Kroati\u00eb, Letland, Litouwen, Luxemburg, Nederland, Oostenrijk, Polen, Portugal, Roemeni\u00eb, Zweden, Slowakije, Sloveni\u00eb, Spanje, Tsjechische Republiek, Hongarije Indien de levering in een niet-EU-land wordt &#8230; <a title=\"Verzending &#038; betaling\" class=\"read-more\" href=\"https:\/\/www.demoderm.com\/nl\/verzending-betaling\/\" aria-label=\"Lees meer over Verzending &#038; betaling\">Read more<\/a><\/p>\n","protected":false},"author":1,"featured_media":0,"parent":0,"menu_order":60,"comment_status":"closed","ping_status":"closed","template":"","meta":{"footnotes":""},"class_list":["post-8423","page","type-page","status-publish"],"yoast_head":"<!-- This site is optimized with the Yoast SEO plugin v27.4 - https:\/\/yoast.com\/product\/yoast-seo-wordpress\/ -->\n<title>Verzending &amp; betaling - DemoDerm - Europe<\/title>\n<meta name=\"description\" content=\"Informatie over verzending en Betaalmethoden van Agenki GmbH\" \/>\n<meta name=\"robots\" content=\"index, follow, max-snippet:-1, max-image-preview:large, max-video-preview:-1\" \/>\n<link rel=\"canonical\" href=\"https:\/\/www.demoderm.com\/nl\/verzending-betaling\/\" \/>\n<meta property=\"og:locale\" content=\"nl_NL\" \/>\n<meta property=\"og:type\" content=\"article\" \/>\n<meta property=\"og:title\" content=\"Verzending &amp; betaling - DemoDerm - Europe\" \/>\n<meta property=\"og:description\" content=\"Informatie over verzending en Betaalmethoden van Agenki GmbH\" \/>\n<meta property=\"og:url\" content=\"https:\/\/www.demoderm.com\/nl\/verzending-betaling\/\" \/>\n<meta property=\"og:site_name\" content=\"DemoDerm - Europe\" \/>\n<meta property=\"article:publisher\" content=\"https:\/\/www.facebook.com\/DemoDermGermany\/\" \/>\n<meta property=\"article:modified_time\" content=\"2023-07-18T11:26:59+00:00\" \/>\n<meta name=\"twitter:card\" content=\"summary_large_image\" \/>\n<meta name=\"twitter:label1\" content=\"Geschatte leestijd\" \/>\n\t<meta name=\"twitter:data1\" content=\"3 minuten\" \/>\n<script type=\"application\/ld+json\" class=\"yoast-schema-graph\">{\"@context\":\"https:\\\/\\\/schema.org\",\"@graph\":[{\"@type\":\"WebPage\",\"@id\":\"https:\\\/\\\/www.demoderm.com\\\/nl\\\/verzending-betaling\\\/\",\"url\":\"https:\\\/\\\/www.demoderm.com\\\/nl\\\/verzending-betaling\\\/\",\"name\":\"Verzending & betaling - DemoDerm - Europe\",\"isPartOf\":{\"@id\":\"https:\\\/\\\/www.demoderm.com\\\/nl\\\/#website\"},\"datePublished\":\"2017-05-30T10:45:14+00:00\",\"dateModified\":\"2023-07-18T11:26:59+00:00\",\"description\":\"Informatie over verzending en Betaalmethoden van Agenki GmbH\",\"breadcrumb\":{\"@id\":\"https:\\\/\\\/www.demoderm.com\\\/nl\\\/verzending-betaling\\\/#breadcrumb\"},\"inLanguage\":\"nl-NL\",\"potentialAction\":[{\"@type\":\"ReadAction\",\"target\":[\"https:\\\/\\\/www.demoderm.com\\\/nl\\\/verzending-betaling\\\/\"]}]},{\"@type\":\"BreadcrumbList\",\"@id\":\"https:\\\/\\\/www.demoderm.com\\\/nl\\\/verzending-betaling\\\/#breadcrumb\",\"itemListElement\":[{\"@type\":\"ListItem\",\"position\":1,\"name\":\"Startseite\",\"item\":\"https:\\\/\\\/www.demoderm.com\\\/nl\\\/\"},{\"@type\":\"ListItem\",\"position\":2,\"name\":\"Verzending &#038; betaling\"}]},{\"@type\":\"WebSite\",\"@id\":\"https:\\\/\\\/www.demoderm.com\\\/nl\\\/#website\",\"url\":\"https:\\\/\\\/www.demoderm.com\\\/nl\\\/\",\"name\":\"DemoDerm - Europe\",\"description\":\"less is more - do it the DemoDerm way\",\"publisher\":{\"@id\":\"https:\\\/\\\/www.demoderm.com\\\/nl\\\/#organization\"},\"potentialAction\":[{\"@type\":\"SearchAction\",\"target\":{\"@type\":\"EntryPoint\",\"urlTemplate\":\"https:\\\/\\\/www.demoderm.com\\\/nl\\\/?s={search_term_string}\"},\"query-input\":{\"@type\":\"PropertyValueSpecification\",\"valueRequired\":true,\"valueName\":\"search_term_string\"}}],\"inLanguage\":\"nl-NL\"},{\"@type\":\"Organization\",\"@id\":\"https:\\\/\\\/www.demoderm.com\\\/nl\\\/#organization\",\"name\":\"DemoDerm - Europe\",\"url\":\"https:\\\/\\\/www.demoderm.com\\\/nl\\\/\",\"logo\":{\"@type\":\"ImageObject\",\"inLanguage\":\"nl-NL\",\"@id\":\"https:\\\/\\\/www.demoderm.com\\\/nl\\\/#\\\/schema\\\/logo\\\/image\\\/\",\"url\":\"https:\\\/\\\/www.demoderm.com\\\/wp-content\\\/uploads\\\/logo-demoderm-120.png\",\"contentUrl\":\"https:\\\/\\\/www.demoderm.com\\\/wp-content\\\/uploads\\\/logo-demoderm-120.png\",\"width\":263,\"height\":121,\"caption\":\"DemoDerm - Europe\"},\"image\":{\"@id\":\"https:\\\/\\\/www.demoderm.com\\\/nl\\\/#\\\/schema\\\/logo\\\/image\\\/\"},\"sameAs\":[\"https:\\\/\\\/www.facebook.com\\\/DemoDermGermany\\\/\"]}]}<\/script>\n<!-- \/ Yoast SEO plugin. -->","yoast_head_json":{"title":"Verzending & betaling - DemoDerm - Europe","description":"Informatie over verzending en Betaalmethoden van Agenki GmbH","robots":{"index":"index","follow":"follow","max-snippet":"max-snippet:-1","max-image-preview":"max-image-preview:large","max-video-preview":"max-video-preview:-1"},"canonical":"https:\/\/www.demoderm.com\/nl\/verzending-betaling\/","og_locale":"nl_NL","og_type":"article","og_title":"Verzending & betaling - DemoDerm - Europe","og_description":"Informatie over verzending en Betaalmethoden van Agenki GmbH","og_url":"https:\/\/www.demoderm.com\/nl\/verzending-betaling\/","og_site_name":"DemoDerm - Europe","article_publisher":"https:\/\/www.facebook.com\/DemoDermGermany\/","article_modified_time":"2023-07-18T11:26:59+00:00","twitter_card":"summary_large_image","twitter_misc":{"Geschatte leestijd":"3 minuten"},"schema":{"@context":"https:\/\/schema.org","@graph":[{"@type":"WebPage","@id":"https:\/\/www.demoderm.com\/nl\/verzending-betaling\/","url":"https:\/\/www.demoderm.com\/nl\/verzending-betaling\/","name":"Verzending & betaling - DemoDerm - Europe","isPartOf":{"@id":"https:\/\/www.demoderm.com\/nl\/#website"},"datePublished":"2017-05-30T10:45:14+00:00","dateModified":"2023-07-18T11:26:59+00:00","description":"Informatie over verzending en Betaalmethoden van Agenki GmbH","breadcrumb":{"@id":"https:\/\/www.demoderm.com\/nl\/verzending-betaling\/#breadcrumb"},"inLanguage":"nl-NL","potentialAction":[{"@type":"ReadAction","target":["https:\/\/www.demoderm.com\/nl\/verzending-betaling\/"]}]},{"@type":"BreadcrumbList","@id":"https:\/\/www.demoderm.com\/nl\/verzending-betaling\/#breadcrumb","itemListElement":[{"@type":"ListItem","position":1,"name":"Startseite","item":"https:\/\/www.demoderm.com\/nl\/"},{"@type":"ListItem","position":2,"name":"Verzending &#038; betaling"}]},{"@type":"WebSite","@id":"https:\/\/www.demoderm.com\/nl\/#website","url":"https:\/\/www.demoderm.com\/nl\/","name":"DemoDerm - Europe","description":"less is more - do it the DemoDerm way","publisher":{"@id":"https:\/\/www.demoderm.com\/nl\/#organization"},"potentialAction":[{"@type":"SearchAction","target":{"@type":"EntryPoint","urlTemplate":"https:\/\/www.demoderm.com\/nl\/?s={search_term_string}"},"query-input":{"@type":"PropertyValueSpecification","valueRequired":true,"valueName":"search_term_string"}}],"inLanguage":"nl-NL"},{"@type":"Organization","@id":"https:\/\/www.demoderm.com\/nl\/#organization","name":"DemoDerm - Europe","url":"https:\/\/www.demoderm.com\/nl\/","logo":{"@type":"ImageObject","inLanguage":"nl-NL","@id":"https:\/\/www.demoderm.com\/nl\/#\/schema\/logo\/image\/","url":"https:\/\/www.demoderm.com\/wp-content\/uploads\/logo-demoderm-120.png","contentUrl":"https:\/\/www.demoderm.com\/wp-content\/uploads\/logo-demoderm-120.png","width":263,"height":121,"caption":"DemoDerm - Europe"},"image":{"@id":"https:\/\/www.demoderm.com\/nl\/#\/schema\/logo\/image\/"},"sameAs":["https:\/\/www.facebook.com\/DemoDermGermany\/"]}]}},"_links":{"self":[{"href":"https:\/\/www.demoderm.com\/nl\/wp-json\/wp\/v2\/pages\/8423","targetHints":{"allow":["GET"]}}],"collection":[{"href":"https:\/\/www.demoderm.com\/nl\/wp-json\/wp\/v2\/pages"}],"about":[{"href":"https:\/\/www.demoderm.com\/nl\/wp-json\/wp\/v2\/types\/page"}],"author":[{"embeddable":true,"href":"https:\/\/www.demoderm.com\/nl\/wp-json\/wp\/v2\/users\/1"}],"replies":[{"embeddable":true,"href":"https:\/\/www.demoderm.com\/nl\/wp-json\/wp\/v2\/comments?post=8423"}],"version-history":[{"count":11,"href":"https:\/\/www.demoderm.com\/nl\/wp-json\/wp\/v2\/pages\/8423\/revisions"}],"predecessor-version":[{"id":10959,"href":"https:\/\/www.demoderm.com\/nl\/wp-json\/wp\/v2\/pages\/8423\/revisions\/10959"}],"wp:attachment":[{"href":"https:\/\/www.demoderm.com\/nl\/wp-json\/wp\/v2\/media?parent=8423"}],"curies":[{"name":"wp","href":"https:\/\/api.w.org\/{rel}","templated":true}]}}