{"id":9516,"date":"2020-08-03T12:55:10","date_gmt":"2020-08-03T10:55:10","guid":{"rendered":"https:\/\/www.demoderm.com\/shop\/demoderm-repair-hand-cream-med-medical-skin-care-50-ml\/"},"modified":"2021-12-06T15:32:42","modified_gmt":"2021-12-06T14:32:42","slug":"demoderm-repair-handcreme-med-medizinische-hautpflege-50-ml","status":"publish","type":"product","link":"https:\/\/www.demoderm.com\/ch\/shop\/demoderm-repair-handcreme-med-medizinische-hautpflege-50-ml\/","title":{"rendered":"DemoDerm Repair Handcreme Med Medizinische Hautpflege 50 ml"},"content":{"rendered":"<p>Mikrobiotische medizinische Spezialhandpflege zur nachhaltigen Regeneration Ihrer Haut.<\/p>\n<h3>Inhalt<\/h3>\n<p>50 ml<\/p>\n<h3>Ingredients<\/h3>\n<p>&#8220;INGREDIENTS&#8221; Aqua, Simmondsia Chinensis (Jojoba) Seed Oil, Cetearyl Alcohol, Glyceryl Stearate Citrate, Prunus Amygdalus Dulcis (Sweet Almond) Oil, Glycerin, Lactobacillus Extract Filtrate, Borago Officinalis Seed Oil, Sorbitol, Butyrospermum Parkii (Shea) Butter, Tocopherol, Xanthan Gum, Saccharide Isomerate, Sodium Stearoyl Glutamate, Propylene Glycol, Benzyl Alcohol, Sodium Citrate, Benzoic Acid, Citric Acid, Sorbic Acid, Lactic Acid<\/p>\n<h2 class=\"ob-spp-pd-headline mt-40 mt-30-s\">Anwendung der DemoDerm Repair Wir empfehlen die Fortf\u00fchrung des Cremens mit der <strong>DemoDerm &#8211; Repair Handcreme Med<\/strong> \u00fcber das Erreichen eines sch\u00f6nen und gesunden Hautbilds hinaus auch in Phasen ohne Symptome. So l\u00e4sst sich eine nachhaltige Regeneration und St\u00e4rkung des Hautmikrobioms erzielen sowie eine vorbeugende Wirkung verst\u00e4rken.<\/p>\n<p>Direkt nach dem Auftragen bildet sich ein atmungsaktiver hautverwandter Schutzfilm, welcher die Feuchtigkeit bindet und die Haut gleichzeitig vor \u00e4u\u00dferen Einfl\u00fcssen sch\u00fctzt.<\/p>\n","protected":false},"excerpt":{"rendered":"<p>Die neue DemoDerm Repair Handcreme Med, eine mikrobiotische medizinische Spezialhandpflege.<\/p>\n<ul>\n<li>bei schuppigen und trockenen Handekzemen und ger\u00f6teter und entz\u00fcndlicher Haut, sowie bei gesch\u00e4digter Haut durch Desinfektionsmittel<\/li>\n<li>auch geeignet bei Neurodermitis und Psoriasis<\/li>\n<li>Regeneration und Stabilisierung einer gesunden Hautflora. Reguliert die Hautfeuchtigkeit und den pH-Wert der Haut<\/li>\n<li>St\u00e4rkung der Hautbarriere. Vorbeugend und sch\u00fctzend<\/li>\n<li>zieht schnell ein<\/li>\n<\/ul>\n","protected":false},"featured_media":9517,"template":"","meta":[],"product_brand":[],"product_cat":[104],"product_tag":[],"class_list":{"0":"post-9516","1":"product","2":"type-product","3":"status-publish","4":"has-post-thumbnail","6":"product_cat-unkategorisiert-ch","7":"sales-flash-overlay","8":"woocommerce-text-align-center","9":"woocommerce-image-align-center","10":"do-quantity-buttons","12":"first","13":"outofstock","14":"featured","15":"taxable","16":"shipping-taxable","17":"purchasable","18":"product-type-simple"},"yoast_head":"<!-- This site is optimized with the Yoast SEO plugin v27.4 - https:\/\/yoast.com\/product\/yoast-seo-wordpress\/ -->\n<title>DemoDerm Repair Handcreme Med Medizinische Hautpflege 50 ml - DemoDerm - Europe<\/title>\n<meta name=\"robots\" content=\"index, follow, max-snippet:-1, max-image-preview:large, max-video-preview:-1\" \/>\n<link rel=\"canonical\" href=\"https:\/\/www.demoderm.com\/ch\/shop\/demoderm-repair-handcreme-med-medizinische-hautpflege-50-ml\/\" \/>\n<meta property=\"og:locale\" content=\"de_DE\" \/>\n<meta property=\"og:type\" content=\"article\" \/>\n<meta property=\"og:title\" content=\"DemoDerm Repair Handcreme Med Medizinische Hautpflege 50 ml - DemoDerm - Europe\" \/>\n<meta property=\"og:description\" content=\"Die neue DemoDerm Repair Handcreme Med, eine mikrobiotische medizinische Spezialhandpflege.   bei schuppigen und trockenen Handekzemen und ger\u00f6teter und entz\u00fcndlicher Haut, sowie bei gesch\u00e4digter Haut durch Desinfektionsmittel  auch geeignet bei Neurodermitis und Psoriasis  Regeneration und Stabilisierung einer gesunden Hautflora. Reguliert die Hautfeuchtigkeit und den pH-Wert der Haut  St\u00e4rkung der Hautbarriere. Vorbeugend und sch\u00fctzend zieht schnell ein\" \/>\n<meta property=\"og:url\" content=\"https:\/\/www.demoderm.com\/ch\/shop\/demoderm-repair-handcreme-med-medizinische-hautpflege-50-ml\/\" \/>\n<meta property=\"og:site_name\" content=\"DemoDerm - Europe\" \/>\n<meta property=\"article:publisher\" content=\"https:\/\/www.facebook.com\/DemoDermGermany\/\" \/>\n<meta property=\"article:modified_time\" content=\"2021-12-06T14:32:42+00:00\" \/>\n<meta property=\"og:image\" content=\"https:\/\/www.demoderm.com\/wp-content\/uploads\/demoderm-repair-handcreme-med.png\" \/>\n\t<meta property=\"og:image:width\" content=\"1920\" \/>\n\t<meta property=\"og:image:height\" content=\"1920\" \/>\n\t<meta property=\"og:image:type\" content=\"image\/png\" \/>\n<meta name=\"twitter:card\" content=\"summary_large_image\" \/>\n<meta name=\"twitter:label1\" content=\"Est. reading time\" \/>\n\t<meta name=\"twitter:data1\" content=\"1 minute\" \/>\n<script type=\"application\/ld+json\" class=\"yoast-schema-graph\">{\"@context\":\"https:\\\/\\\/schema.org\",\"@graph\":[{\"@type\":\"WebPage\",\"@id\":\"https:\\\/\\\/www.demoderm.com\\\/ch\\\/shop\\\/demoderm-repair-handcreme-med-medizinische-hautpflege-50-ml\\\/\",\"url\":\"https:\\\/\\\/www.demoderm.com\\\/ch\\\/shop\\\/demoderm-repair-handcreme-med-medizinische-hautpflege-50-ml\\\/\",\"name\":\"DemoDerm Repair Handcreme Med Medizinische Hautpflege 50 ml - DemoDerm - Europe\",\"isPartOf\":{\"@id\":\"https:\\\/\\\/www.demoderm.com\\\/ch\\\/#website\"},\"primaryImageOfPage\":{\"@id\":\"https:\\\/\\\/www.demoderm.com\\\/ch\\\/shop\\\/demoderm-repair-handcreme-med-medizinische-hautpflege-50-ml\\\/#primaryimage\"},\"image\":{\"@id\":\"https:\\\/\\\/www.demoderm.com\\\/ch\\\/shop\\\/demoderm-repair-handcreme-med-medizinische-hautpflege-50-ml\\\/#primaryimage\"},\"thumbnailUrl\":\"https:\\\/\\\/www.demoderm.com\\\/wp-content\\\/uploads\\\/demoderm-repair-handcreme-med.png\",\"datePublished\":\"2020-08-03T10:55:10+00:00\",\"dateModified\":\"2021-12-06T14:32:42+00:00\",\"breadcrumb\":{\"@id\":\"https:\\\/\\\/www.demoderm.com\\\/ch\\\/shop\\\/demoderm-repair-handcreme-med-medizinische-hautpflege-50-ml\\\/#breadcrumb\"},\"inLanguage\":\"de-CH-formal\",\"potentialAction\":[{\"@type\":\"ReadAction\",\"target\":[\"https:\\\/\\\/www.demoderm.com\\\/ch\\\/shop\\\/demoderm-repair-handcreme-med-medizinische-hautpflege-50-ml\\\/\"]}]},{\"@type\":\"ImageObject\",\"inLanguage\":\"de-CH-formal\",\"@id\":\"https:\\\/\\\/www.demoderm.com\\\/ch\\\/shop\\\/demoderm-repair-handcreme-med-medizinische-hautpflege-50-ml\\\/#primaryimage\",\"url\":\"https:\\\/\\\/www.demoderm.com\\\/wp-content\\\/uploads\\\/demoderm-repair-handcreme-med.png\",\"contentUrl\":\"https:\\\/\\\/www.demoderm.com\\\/wp-content\\\/uploads\\\/demoderm-repair-handcreme-med.png\",\"width\":1920,\"height\":1920,\"caption\":\"DemoDerm Repair Handcreme Med Medizinische Hautpflege\"},{\"@type\":\"BreadcrumbList\",\"@id\":\"https:\\\/\\\/www.demoderm.com\\\/ch\\\/shop\\\/demoderm-repair-handcreme-med-medizinische-hautpflege-50-ml\\\/#breadcrumb\",\"itemListElement\":[{\"@type\":\"ListItem\",\"position\":1,\"name\":\"Startseite\",\"item\":\"https:\\\/\\\/www.demoderm.com\\\/ch\\\/\"},{\"@type\":\"ListItem\",\"position\":2,\"name\":\"Shop (WooCommerce Standardseite)\",\"item\":\"https:\\\/\\\/www.demoderm.com\\\/ch\\\/online-shop\\\/\"},{\"@type\":\"ListItem\",\"position\":3,\"name\":\"DemoDerm Repair Handcreme Med Medizinische Hautpflege 50 ml\"}]},{\"@type\":\"WebSite\",\"@id\":\"https:\\\/\\\/www.demoderm.com\\\/ch\\\/#website\",\"url\":\"https:\\\/\\\/www.demoderm.com\\\/ch\\\/\",\"name\":\"DemoDerm - Europe\",\"description\":\"less is more - do it the DemoDerm way\",\"publisher\":{\"@id\":\"https:\\\/\\\/www.demoderm.com\\\/ch\\\/#organization\"},\"potentialAction\":[{\"@type\":\"SearchAction\",\"target\":{\"@type\":\"EntryPoint\",\"urlTemplate\":\"https:\\\/\\\/www.demoderm.com\\\/ch\\\/?s={search_term_string}\"},\"query-input\":{\"@type\":\"PropertyValueSpecification\",\"valueRequired\":true,\"valueName\":\"search_term_string\"}}],\"inLanguage\":\"de-CH-formal\"},{\"@type\":\"Organization\",\"@id\":\"https:\\\/\\\/www.demoderm.com\\\/ch\\\/#organization\",\"name\":\"DemoDerm - Europe\",\"url\":\"https:\\\/\\\/www.demoderm.com\\\/ch\\\/\",\"logo\":{\"@type\":\"ImageObject\",\"inLanguage\":\"de-CH-formal\",\"@id\":\"https:\\\/\\\/www.demoderm.com\\\/ch\\\/#\\\/schema\\\/logo\\\/image\\\/\",\"url\":\"https:\\\/\\\/www.demoderm.com\\\/wp-content\\\/uploads\\\/logo-demoderm-120.png\",\"contentUrl\":\"https:\\\/\\\/www.demoderm.com\\\/wp-content\\\/uploads\\\/logo-demoderm-120.png\",\"width\":263,\"height\":121,\"caption\":\"DemoDerm - Europe\"},\"image\":{\"@id\":\"https:\\\/\\\/www.demoderm.com\\\/ch\\\/#\\\/schema\\\/logo\\\/image\\\/\"},\"sameAs\":[\"https:\\\/\\\/www.facebook.com\\\/DemoDermGermany\\\/\"]}]}<\/script>\n<!-- \/ Yoast SEO plugin. -->","yoast_head_json":{"title":"DemoDerm Repair Handcreme Med Medizinische Hautpflege 50 ml - DemoDerm - Europe","robots":{"index":"index","follow":"follow","max-snippet":"max-snippet:-1","max-image-preview":"max-image-preview:large","max-video-preview":"max-video-preview:-1"},"canonical":"https:\/\/www.demoderm.com\/ch\/shop\/demoderm-repair-handcreme-med-medizinische-hautpflege-50-ml\/","og_locale":"de_DE","og_type":"article","og_title":"DemoDerm Repair Handcreme Med Medizinische Hautpflege 50 ml - DemoDerm - Europe","og_description":"Die neue DemoDerm Repair Handcreme Med, eine mikrobiotische medizinische Spezialhandpflege.   bei schuppigen und trockenen Handekzemen und ger\u00f6teter und entz\u00fcndlicher Haut, sowie bei gesch\u00e4digter Haut durch Desinfektionsmittel  auch geeignet bei Neurodermitis und Psoriasis  Regeneration und Stabilisierung einer gesunden Hautflora. Reguliert die Hautfeuchtigkeit und den pH-Wert der Haut  St\u00e4rkung der Hautbarriere. Vorbeugend und sch\u00fctzend zieht schnell ein","og_url":"https:\/\/www.demoderm.com\/ch\/shop\/demoderm-repair-handcreme-med-medizinische-hautpflege-50-ml\/","og_site_name":"DemoDerm - Europe","article_publisher":"https:\/\/www.facebook.com\/DemoDermGermany\/","article_modified_time":"2021-12-06T14:32:42+00:00","og_image":[{"width":1920,"height":1920,"url":"https:\/\/www.demoderm.com\/wp-content\/uploads\/demoderm-repair-handcreme-med.png","type":"image\/png"}],"twitter_card":"summary_large_image","twitter_misc":{"Est. reading time":"1 minute"},"schema":{"@context":"https:\/\/schema.org","@graph":[{"@type":"WebPage","@id":"https:\/\/www.demoderm.com\/ch\/shop\/demoderm-repair-handcreme-med-medizinische-hautpflege-50-ml\/","url":"https:\/\/www.demoderm.com\/ch\/shop\/demoderm-repair-handcreme-med-medizinische-hautpflege-50-ml\/","name":"DemoDerm Repair Handcreme Med Medizinische Hautpflege 50 ml - DemoDerm - Europe","isPartOf":{"@id":"https:\/\/www.demoderm.com\/ch\/#website"},"primaryImageOfPage":{"@id":"https:\/\/www.demoderm.com\/ch\/shop\/demoderm-repair-handcreme-med-medizinische-hautpflege-50-ml\/#primaryimage"},"image":{"@id":"https:\/\/www.demoderm.com\/ch\/shop\/demoderm-repair-handcreme-med-medizinische-hautpflege-50-ml\/#primaryimage"},"thumbnailUrl":"https:\/\/www.demoderm.com\/wp-content\/uploads\/demoderm-repair-handcreme-med.png","datePublished":"2020-08-03T10:55:10+00:00","dateModified":"2021-12-06T14:32:42+00:00","breadcrumb":{"@id":"https:\/\/www.demoderm.com\/ch\/shop\/demoderm-repair-handcreme-med-medizinische-hautpflege-50-ml\/#breadcrumb"},"inLanguage":"de-CH-formal","potentialAction":[{"@type":"ReadAction","target":["https:\/\/www.demoderm.com\/ch\/shop\/demoderm-repair-handcreme-med-medizinische-hautpflege-50-ml\/"]}]},{"@type":"ImageObject","inLanguage":"de-CH-formal","@id":"https:\/\/www.demoderm.com\/ch\/shop\/demoderm-repair-handcreme-med-medizinische-hautpflege-50-ml\/#primaryimage","url":"https:\/\/www.demoderm.com\/wp-content\/uploads\/demoderm-repair-handcreme-med.png","contentUrl":"https:\/\/www.demoderm.com\/wp-content\/uploads\/demoderm-repair-handcreme-med.png","width":1920,"height":1920,"caption":"DemoDerm Repair Handcreme Med Medizinische Hautpflege"},{"@type":"BreadcrumbList","@id":"https:\/\/www.demoderm.com\/ch\/shop\/demoderm-repair-handcreme-med-medizinische-hautpflege-50-ml\/#breadcrumb","itemListElement":[{"@type":"ListItem","position":1,"name":"Startseite","item":"https:\/\/www.demoderm.com\/ch\/"},{"@type":"ListItem","position":2,"name":"Shop (WooCommerce Standardseite)","item":"https:\/\/www.demoderm.com\/ch\/online-shop\/"},{"@type":"ListItem","position":3,"name":"DemoDerm Repair Handcreme Med Medizinische Hautpflege 50 ml"}]},{"@type":"WebSite","@id":"https:\/\/www.demoderm.com\/ch\/#website","url":"https:\/\/www.demoderm.com\/ch\/","name":"DemoDerm - Europe","description":"less is more - do it the DemoDerm way","publisher":{"@id":"https:\/\/www.demoderm.com\/ch\/#organization"},"potentialAction":[{"@type":"SearchAction","target":{"@type":"EntryPoint","urlTemplate":"https:\/\/www.demoderm.com\/ch\/?s={search_term_string}"},"query-input":{"@type":"PropertyValueSpecification","valueRequired":true,"valueName":"search_term_string"}}],"inLanguage":"de-CH-formal"},{"@type":"Organization","@id":"https:\/\/www.demoderm.com\/ch\/#organization","name":"DemoDerm - Europe","url":"https:\/\/www.demoderm.com\/ch\/","logo":{"@type":"ImageObject","inLanguage":"de-CH-formal","@id":"https:\/\/www.demoderm.com\/ch\/#\/schema\/logo\/image\/","url":"https:\/\/www.demoderm.com\/wp-content\/uploads\/logo-demoderm-120.png","contentUrl":"https:\/\/www.demoderm.com\/wp-content\/uploads\/logo-demoderm-120.png","width":263,"height":121,"caption":"DemoDerm - Europe"},"image":{"@id":"https:\/\/www.demoderm.com\/ch\/#\/schema\/logo\/image\/"},"sameAs":["https:\/\/www.facebook.com\/DemoDermGermany\/"]}]}},"tiered_pricing_type":"fixed","tiered_pricing_fixed_rules":[],"tiered_pricing_product_settings":{"layout":"default","base_unit_name":{"singular":null,"plural":null},"default_variation":null},"tiered_pricing_minimum_quantity":null,"tiered_pricing_roles_data":[],"tiered_pricing_percentage_rules":[],"tiered_pricing_maximum_quantity":null,"tiered_pricing_quantity_step":null,"_links":{"self":[{"href":"https:\/\/www.demoderm.com\/ch\/wp-json\/wp\/v2\/product\/9516","targetHints":{"allow":["GET"]}}],"collection":[{"href":"https:\/\/www.demoderm.com\/ch\/wp-json\/wp\/v2\/product"}],"about":[{"href":"https:\/\/www.demoderm.com\/ch\/wp-json\/wp\/v2\/types\/product"}],"wp:featuredmedia":[{"embeddable":true,"href":"https:\/\/www.demoderm.com\/ch\/wp-json\/wp\/v2\/media\/9517"}],"wp:attachment":[{"href":"https:\/\/www.demoderm.com\/ch\/wp-json\/wp\/v2\/media?parent=9516"}],"wp:term":[{"taxonomy":"product_brand","embeddable":true,"href":"https:\/\/www.demoderm.com\/ch\/wp-json\/wp\/v2\/product_brand?post=9516"},{"taxonomy":"product_cat","embeddable":true,"href":"https:\/\/www.demoderm.com\/ch\/wp-json\/wp\/v2\/product_cat?post=9516"},{"taxonomy":"product_tag","embeddable":true,"href":"https:\/\/www.demoderm.com\/ch\/wp-json\/wp\/v2\/product_tag?post=9516"}],"curies":[{"name":"wp","href":"https:\/\/api.w.org\/{rel}","templated":true}]}}