{"id":8373,"date":"2017-05-30T12:45:14","date_gmt":"2017-05-30T10:45:14","guid":{"rendered":"https:\/\/www.demoderm.com\/versand-und-zahlung\/"},"modified":"2023-07-18T13:27:51","modified_gmt":"2023-07-18T11:27:51","slug":"versand-zahlung","status":"publish","type":"page","link":"https:\/\/www.demoderm.com\/ch\/versand-zahlung\/","title":{"rendered":"Versand &#038; Zahlung"},"content":{"rendered":"<div id=\"pl-8373\"  class=\"panel-layout\" ><div id=\"pg-8373-0\"  class=\"panel-grid panel-has-style\" ><div class=\"row-page-header panel-row-style panel-row-style-for-8373-0\" ><div id=\"pgc-8373-0-0\"  class=\"panel-grid-cell\" ><div id=\"panel-8373-0-0-0\" class=\"so-panel widget widget_sow-editor panel-first-child panel-last-child\" data-index=\"0\" ><div\n\t\t\t\n\t\t\tclass=\"so-widget-sow-editor so-widget-sow-editor-base\"\n\t\t\t\n\t\t>\n<div class=\"siteorigin-widget-tinymce textwidget\">\n\t<h1>Versand & Zahlung<\/h1>\n<\/div>\n<\/div><\/div><\/div><\/div><\/div><div id=\"pg-8373-1\"  class=\"panel-grid panel-has-style\" ><div class=\"mt-50 mt-40-m mt-30-s panel-row-style panel-row-style-for-8373-1\" ><div id=\"pgc-8373-1-0\"  class=\"panel-grid-cell\" ><div id=\"panel-8373-1-0-0\" class=\"so-panel widget widget_text panel-first-child\" data-index=\"1\" ><div class=\"mb-30 mb-20-s panel-widget-style panel-widget-style-for-8373-1-0-0\" >\t\t\t<div class=\"textwidget\"><h3>Informationen zum Versand<\/h3>\n<\/div>\n\t\t<\/div><\/div><div id=\"panel-8373-1-0-1\" class=\"so-panel widget widget_text\" data-index=\"2\" ><div class=\"mb-20 panel-widget-style panel-widget-style-for-8373-1-0-1\" >\t\t\t<div class=\"textwidget\"><p>Wir versenden aktuell in nachfolgend genannte L\u00e4nder \u2013 in der Regel mit DHL und Deutsche Post.<\/p>\n<\/div>\n\t\t<\/div><\/div><div id=\"panel-8373-1-0-2\" class=\"widget_text so-panel widget widget_custom_html\" data-index=\"3\" ><div class=\"widget_text ob-table obt-shipping mb-20 panel-widget-style panel-widget-style-for-8373-1-0-2\" ><div class=\"textwidget custom-html-widget\"><table>\n\t<thead>\n\t\t<tr>\n\t    <th><\/th>\n\t    <th>Deutschland<\/th>\n\t\t  <th>Schweiz, Liechtenstein, Norwegen<\/th>\n\t\t  <th>Weitere EU-L\u00e4nder*<\/th>\n\t\t<\/tr>\n\t<\/thead>\n\t<tbody>\n\t\t<tr>\n\t    <td>Versand<\/td>\n\t\t  <td>5,95 \u20ac<\/td>\n\t\t  <td>19,95 \u20ac<\/td>\n\t\t  <td>12,95 \u20ac<\/td>\n\t\t<\/tr>\n\t\t<tr>\n\t    <td>Kostenloser Versand<\/td>\n\t\t  <td>> 100,- \u20ac<\/td>\n\t\t  <td>> 150,- \u20ac<\/td>\n\t\t  <td>> 120,- \u20ac<\/td>\n\t\t<\/tr>\n\t<\/tbody>\n<\/table><\/div><\/div><\/div><div id=\"panel-8373-1-0-3\" class=\"widget_text so-panel widget widget_custom_html\" data-index=\"4\" ><div class=\"widget_text ob-table obt-shipping obt-mobile mb-20 panel-widget-style panel-widget-style-for-8373-1-0-3\" ><div class=\"textwidget custom-html-widget\"><table>\n\t<thead>\n\t\t<tr>\n\t    <th><\/th>\n\t    <th>Deutschland<\/th>\n\t\t<\/tr>\n\t<\/thead>\n\t<tbody>\n\t\t<tr>\n\t    <td>Versand<\/td>\n\t\t  <td>5,95 \u20ac<\/td>\n\t\t<\/tr>\n\t\t<tr>\n\t    <td>Kostenloser Versand<\/td>\n\t\t  <td>> 100,- \u20ac<\/td>\n\t\t<\/tr>\n\t<\/tbody>\n<\/table><\/div><\/div><\/div><div id=\"panel-8373-1-0-4\" class=\"widget_text so-panel widget widget_custom_html\" data-index=\"5\" ><div class=\"widget_text ob-table obt-shipping obt-mobile mb-20 panel-widget-style panel-widget-style-for-8373-1-0-4\" ><div class=\"textwidget custom-html-widget\"><table>\n\t<thead>\n\t\t<tr>\n\t    <th><\/th>\n\t\t  <th>Schweiz, Liechtenstein, Norwegen<\/th>\n\t\t<\/tr>\n\t<\/thead>\n\t<tbody>\n\t\t<tr>\n\t    <td>Versand<\/td>\n\t\t  <td>19,95 \u20ac<\/td>\n\t\t<\/tr>\n\t\t<tr>\n\t    <td>Kostenloser Versand<\/td>\n\t\t  <td>> 150,- \u20ac<\/td>\n\t\t<\/tr>\n\t<\/tbody>\n<\/table><\/div><\/div><\/div><div id=\"panel-8373-1-0-5\" class=\"widget_text so-panel widget widget_custom_html\" data-index=\"6\" ><div class=\"widget_text ob-table obt-shipping obt-mobile mb-20 panel-widget-style panel-widget-style-for-8373-1-0-5\" ><div class=\"textwidget custom-html-widget\"><table>\n\t<thead>\n\t\t<tr>\n\t    <th><\/th>\n\t\t  <th>Weitere EU-L\u00e4nder*<\/th>\n\t\t<\/tr>\n\t<\/thead>\n\t<tbody>\n\t\t<tr>\n\t    <td>Versand<\/td>\n\t\t  <td>12,95 \u20ac<\/td>\n\t\t<\/tr>\n\t\t<tr>\n\t    <td>Kostenloser Versand<\/td>\n\t\t  <td>> 120,- \u20ac<\/td>\n\t\t<\/tr>\n\t<\/tbody>\n<\/table><\/div><\/div><\/div><div id=\"panel-8373-1-0-6\" class=\"so-panel widget widget_text\" data-index=\"7\" ><div class=\"mb-30 mb-20-s panel-widget-style panel-widget-style-for-8373-1-0-6\" >\t\t\t<div class=\"textwidget\"><p>*Belgien, Bulgarien, D\u00e4nemark, Estland, Finnland, Frankreich, Griechenland, Italien, Kroatien, Lettland, Litauen, Luxemburg, Niederlande, \u00d6sterreich, Polen, Portugal, Rum\u00e4nien, Schweden, Slowakei, Slowenien, Spanien, Tschechien, Ungarn<\/p>\n<\/div>\n\t\t<\/div><\/div><div id=\"panel-8373-1-0-7\" class=\"so-panel widget widget_text panel-last-child\" data-index=\"8\" >\t\t\t<div class=\"textwidget\"><p>Sofern die Lieferung in ein Nicht-EU-Ausland erfolgt, k\u00f6nnen weitere Z\u00f6lle, Steuern oder Geb\u00fchren vom Kunden zu zahlen sein, jedoch nicht an den Anbieter, sondern an die dort zust\u00e4ndigen Zoll- bzw. Steuerbeh\u00f6rden. Dem Kunden wird empfohlen, die Einzelheiten vor der Bestellung bei den Zoll- bzw. Steuerbeh\u00f6rden zu erfragen.<\/p>\n<\/div>\n\t\t<\/div><\/div><\/div><\/div><div id=\"pg-8373-2\"  class=\"panel-grid panel-has-style\" ><div class=\"mt-50 mt-40-m mt-30-s panel-row-style panel-row-style-for-8373-2\" ><div id=\"pgc-8373-2-0\"  class=\"panel-grid-cell\" ><div id=\"panel-8373-2-0-0\" class=\"so-panel widget widget_text panel-first-child\" data-index=\"9\" ><div class=\"mb-30 mb-20-s panel-widget-style panel-widget-style-for-8373-2-0-0\" >\t\t\t<div class=\"textwidget\"><h3>Zahlungsarten<\/h3>\n<\/div>\n\t\t<\/div><\/div><div id=\"panel-8373-2-0-1\" class=\"so-panel widget widget_text\" data-index=\"10\" ><div class=\"Belgien Bulgarien Dnemark Estland Finnland Frankreich Griechenland Italien Kroatien Lettland Litauen Luxemburg Niederlande sterreich Polen Portugal Rumnien Schweden Slowakei Slowenien Spanien Tschechien Ungarn panel-widget-style panel-widget-style-for-8373-2-0-1\" >\t\t\t<div class=\"textwidget\"><p>Wir bieten Ihnen \u00fcber den Zahlungsdienstleister mollie die folgenden Zahlungsarten an:<\/p>\n<\/div>\n\t\t<\/div><\/div><div id=\"panel-8373-2-0-2\" class=\"so-panel widget widget_text panel-last-child\" data-index=\"11\" >\t\t\t<div class=\"textwidget\"><p><strong>PayPal, PayPal Express<\/strong><br \/>\nIm Bestellprozess werden Sie auf die Webseite des Online-Anbieters PayPal weitergeleitet. Um den Rechnungsbetrag \u00fcber PayPal bezahlen zu k\u00f6nnen, m\u00fcssen Sie dort registriert sein bzw. sich erst registrieren, mit Ihren Zugangsdaten legitimieren und die Zahlungsanweisung an uns best\u00e4tigen. Nach Abgabe der Bestellung im Shop fordern wir PayPal zur Einleitung der Zahlungstransaktion auf.<br \/>\nDie Zahlungstransaktion wird durch PayPal unmittelbar danach automatisch durchgef\u00fchrt. Weitere Hinweise erhalten Sie beim Bestellvorgang.<\/p>\n<p><strong>Klarna SOFORT (formerly, \u201cSofort\u00fcberweisung\u201d)<\/strong><br \/>\nNach Abgabe der Bestellung werden Sie auf die Webseite des Online-Anbieters SOFORT \u00dcberweisung weitergeleitet. Um den Rechnungsbetrag \u00fcber SOFORT \u00dcberweisung bezahlen zu k\u00f6nnen, m\u00fcssen Sie \u00fcber ein f\u00fcr die Teilnahme an SOFORT \u00dcberweisung freigeschaltetes Online-Banking-Konto mit PIN\/TAN-Verfahren verf\u00fcgen, sich entsprechend legitimieren und die Zahlungsanweisung an uns best\u00e4tigen. Weitere Hinweise erhalten Sie beim Bestellvorgang. Die Zahlungstransaktion wird unmittelbar danach von SOFORT \u00dcberweisung durchgef\u00fchrt und Ihr Konto belastet.<\/p>\n<p><strong>Vorkasse<\/strong><br \/>\nBei Auswahl der Zahlungsart Vorkasse nennen wir Ihnen unsere Bankverbindung in separater E-Mail und liefern die Ware nach Zahlungseingang.<\/p>\n<\/div>\n\t\t<\/div><\/div><\/div><\/div><\/div>","protected":false},"excerpt":{"rendered":"<p>Versand &#038; Zahlung Informationen zum Versand Wir versenden aktuell in nachfolgend genannte L\u00e4nder \u2013 in der Regel mit DHL und Deutsche Post. *Belgien, Bulgarien, D\u00e4nemark, Estland, Finnland, Frankreich, Griechenland, Italien, Kroatien, Lettland, Litauen, Luxemburg, Niederlande, \u00d6sterreich, Polen, Portugal, Rum\u00e4nien, Schweden, Slowakei, Slowenien, Spanien, Tschechien, Ungarn Sofern die Lieferung in ein Nicht-EU-Ausland erfolgt, k\u00f6nnen weitere Z\u00f6lle, &#8230; <a title=\"Versand &#038; Zahlung\" class=\"read-more\" href=\"https:\/\/www.demoderm.com\/ch\/versand-zahlung\/\" aria-label=\"Read more about Versand &#038; Zahlung\">Read more<\/a><\/p>\n","protected":false},"author":1,"featured_media":0,"parent":0,"menu_order":60,"comment_status":"closed","ping_status":"closed","template":"","meta":{"footnotes":""},"class_list":["post-8373","page","type-page","status-publish"],"yoast_head":"<!-- This site is optimized with the Yoast SEO plugin v27.4 - https:\/\/yoast.com\/product\/yoast-seo-wordpress\/ -->\n<title>Versand &amp; Zahlung - DemoDerm - Europe<\/title>\n<meta name=\"description\" content=\"Versand- und Zahlungsbedingungen der Agenki GmbH\" \/>\n<meta name=\"robots\" content=\"index, follow, max-snippet:-1, max-image-preview:large, max-video-preview:-1\" \/>\n<link rel=\"canonical\" href=\"https:\/\/www.demoderm.com\/ch\/versand-zahlung\/\" \/>\n<meta property=\"og:locale\" content=\"de_DE\" \/>\n<meta property=\"og:type\" content=\"article\" \/>\n<meta property=\"og:title\" content=\"Versand &amp; Zahlung - DemoDerm - Europe\" \/>\n<meta property=\"og:description\" content=\"Versand- und Zahlungsbedingungen der Agenki GmbH\" \/>\n<meta property=\"og:url\" content=\"https:\/\/www.demoderm.com\/ch\/versand-zahlung\/\" \/>\n<meta property=\"og:site_name\" content=\"DemoDerm - Europe\" \/>\n<meta property=\"article:publisher\" content=\"https:\/\/www.facebook.com\/DemoDermGermany\/\" \/>\n<meta property=\"article:modified_time\" content=\"2023-07-18T11:27:51+00:00\" \/>\n<meta name=\"twitter:card\" content=\"summary_large_image\" \/>\n<meta name=\"twitter:label1\" content=\"Est. reading time\" \/>\n\t<meta name=\"twitter:data1\" content=\"3 minutes\" \/>\n<script type=\"application\/ld+json\" class=\"yoast-schema-graph\">{\"@context\":\"https:\\\/\\\/schema.org\",\"@graph\":[{\"@type\":\"WebPage\",\"@id\":\"https:\\\/\\\/www.demoderm.com\\\/ch\\\/versand-zahlung\\\/\",\"url\":\"https:\\\/\\\/www.demoderm.com\\\/ch\\\/versand-zahlung\\\/\",\"name\":\"Versand & Zahlung - DemoDerm - Europe\",\"isPartOf\":{\"@id\":\"https:\\\/\\\/www.demoderm.com\\\/ch\\\/#website\"},\"datePublished\":\"2017-05-30T10:45:14+00:00\",\"dateModified\":\"2023-07-18T11:27:51+00:00\",\"description\":\"Versand- und Zahlungsbedingungen der Agenki GmbH\",\"breadcrumb\":{\"@id\":\"https:\\\/\\\/www.demoderm.com\\\/ch\\\/versand-zahlung\\\/#breadcrumb\"},\"inLanguage\":\"de-CH-formal\",\"potentialAction\":[{\"@type\":\"ReadAction\",\"target\":[\"https:\\\/\\\/www.demoderm.com\\\/ch\\\/versand-zahlung\\\/\"]}]},{\"@type\":\"BreadcrumbList\",\"@id\":\"https:\\\/\\\/www.demoderm.com\\\/ch\\\/versand-zahlung\\\/#breadcrumb\",\"itemListElement\":[{\"@type\":\"ListItem\",\"position\":1,\"name\":\"Startseite\",\"item\":\"https:\\\/\\\/www.demoderm.com\\\/ch\\\/\"},{\"@type\":\"ListItem\",\"position\":2,\"name\":\"Versand &#038; Zahlung\"}]},{\"@type\":\"WebSite\",\"@id\":\"https:\\\/\\\/www.demoderm.com\\\/ch\\\/#website\",\"url\":\"https:\\\/\\\/www.demoderm.com\\\/ch\\\/\",\"name\":\"DemoDerm - Europe\",\"description\":\"less is more - do it the DemoDerm way\",\"publisher\":{\"@id\":\"https:\\\/\\\/www.demoderm.com\\\/ch\\\/#organization\"},\"potentialAction\":[{\"@type\":\"SearchAction\",\"target\":{\"@type\":\"EntryPoint\",\"urlTemplate\":\"https:\\\/\\\/www.demoderm.com\\\/ch\\\/?s={search_term_string}\"},\"query-input\":{\"@type\":\"PropertyValueSpecification\",\"valueRequired\":true,\"valueName\":\"search_term_string\"}}],\"inLanguage\":\"de-CH-formal\"},{\"@type\":\"Organization\",\"@id\":\"https:\\\/\\\/www.demoderm.com\\\/ch\\\/#organization\",\"name\":\"DemoDerm - Europe\",\"url\":\"https:\\\/\\\/www.demoderm.com\\\/ch\\\/\",\"logo\":{\"@type\":\"ImageObject\",\"inLanguage\":\"de-CH-formal\",\"@id\":\"https:\\\/\\\/www.demoderm.com\\\/ch\\\/#\\\/schema\\\/logo\\\/image\\\/\",\"url\":\"https:\\\/\\\/www.demoderm.com\\\/wp-content\\\/uploads\\\/logo-demoderm-120.png\",\"contentUrl\":\"https:\\\/\\\/www.demoderm.com\\\/wp-content\\\/uploads\\\/logo-demoderm-120.png\",\"width\":263,\"height\":121,\"caption\":\"DemoDerm - Europe\"},\"image\":{\"@id\":\"https:\\\/\\\/www.demoderm.com\\\/ch\\\/#\\\/schema\\\/logo\\\/image\\\/\"},\"sameAs\":[\"https:\\\/\\\/www.facebook.com\\\/DemoDermGermany\\\/\"]}]}<\/script>\n<!-- \/ Yoast SEO plugin. -->","yoast_head_json":{"title":"Versand & Zahlung - DemoDerm - Europe","description":"Versand- und Zahlungsbedingungen der Agenki GmbH","robots":{"index":"index","follow":"follow","max-snippet":"max-snippet:-1","max-image-preview":"max-image-preview:large","max-video-preview":"max-video-preview:-1"},"canonical":"https:\/\/www.demoderm.com\/ch\/versand-zahlung\/","og_locale":"de_DE","og_type":"article","og_title":"Versand & Zahlung - DemoDerm - Europe","og_description":"Versand- und Zahlungsbedingungen der Agenki GmbH","og_url":"https:\/\/www.demoderm.com\/ch\/versand-zahlung\/","og_site_name":"DemoDerm - Europe","article_publisher":"https:\/\/www.facebook.com\/DemoDermGermany\/","article_modified_time":"2023-07-18T11:27:51+00:00","twitter_card":"summary_large_image","twitter_misc":{"Est. reading time":"3 minutes"},"schema":{"@context":"https:\/\/schema.org","@graph":[{"@type":"WebPage","@id":"https:\/\/www.demoderm.com\/ch\/versand-zahlung\/","url":"https:\/\/www.demoderm.com\/ch\/versand-zahlung\/","name":"Versand & Zahlung - DemoDerm - Europe","isPartOf":{"@id":"https:\/\/www.demoderm.com\/ch\/#website"},"datePublished":"2017-05-30T10:45:14+00:00","dateModified":"2023-07-18T11:27:51+00:00","description":"Versand- und Zahlungsbedingungen der Agenki GmbH","breadcrumb":{"@id":"https:\/\/www.demoderm.com\/ch\/versand-zahlung\/#breadcrumb"},"inLanguage":"de-CH-formal","potentialAction":[{"@type":"ReadAction","target":["https:\/\/www.demoderm.com\/ch\/versand-zahlung\/"]}]},{"@type":"BreadcrumbList","@id":"https:\/\/www.demoderm.com\/ch\/versand-zahlung\/#breadcrumb","itemListElement":[{"@type":"ListItem","position":1,"name":"Startseite","item":"https:\/\/www.demoderm.com\/ch\/"},{"@type":"ListItem","position":2,"name":"Versand &#038; Zahlung"}]},{"@type":"WebSite","@id":"https:\/\/www.demoderm.com\/ch\/#website","url":"https:\/\/www.demoderm.com\/ch\/","name":"DemoDerm - Europe","description":"less is more - do it the DemoDerm way","publisher":{"@id":"https:\/\/www.demoderm.com\/ch\/#organization"},"potentialAction":[{"@type":"SearchAction","target":{"@type":"EntryPoint","urlTemplate":"https:\/\/www.demoderm.com\/ch\/?s={search_term_string}"},"query-input":{"@type":"PropertyValueSpecification","valueRequired":true,"valueName":"search_term_string"}}],"inLanguage":"de-CH-formal"},{"@type":"Organization","@id":"https:\/\/www.demoderm.com\/ch\/#organization","name":"DemoDerm - Europe","url":"https:\/\/www.demoderm.com\/ch\/","logo":{"@type":"ImageObject","inLanguage":"de-CH-formal","@id":"https:\/\/www.demoderm.com\/ch\/#\/schema\/logo\/image\/","url":"https:\/\/www.demoderm.com\/wp-content\/uploads\/logo-demoderm-120.png","contentUrl":"https:\/\/www.demoderm.com\/wp-content\/uploads\/logo-demoderm-120.png","width":263,"height":121,"caption":"DemoDerm - Europe"},"image":{"@id":"https:\/\/www.demoderm.com\/ch\/#\/schema\/logo\/image\/"},"sameAs":["https:\/\/www.facebook.com\/DemoDermGermany\/"]}]}},"_links":{"self":[{"href":"https:\/\/www.demoderm.com\/ch\/wp-json\/wp\/v2\/pages\/8373","targetHints":{"allow":["GET"]}}],"collection":[{"href":"https:\/\/www.demoderm.com\/ch\/wp-json\/wp\/v2\/pages"}],"about":[{"href":"https:\/\/www.demoderm.com\/ch\/wp-json\/wp\/v2\/types\/page"}],"author":[{"embeddable":true,"href":"https:\/\/www.demoderm.com\/ch\/wp-json\/wp\/v2\/users\/1"}],"replies":[{"embeddable":true,"href":"https:\/\/www.demoderm.com\/ch\/wp-json\/wp\/v2\/comments?post=8373"}],"version-history":[{"count":10,"href":"https:\/\/www.demoderm.com\/ch\/wp-json\/wp\/v2\/pages\/8373\/revisions"}],"predecessor-version":[{"id":10965,"href":"https:\/\/www.demoderm.com\/ch\/wp-json\/wp\/v2\/pages\/8373\/revisions\/10965"}],"wp:attachment":[{"href":"https:\/\/www.demoderm.com\/ch\/wp-json\/wp\/v2\/media?parent=8373"}],"curies":[{"name":"wp","href":"https:\/\/api.w.org\/{rel}","templated":true}]}}