{"id":9528,"date":"2021-01-26T17:56:33","date_gmt":"2021-01-26T16:56:33","guid":{"rendered":"https:\/\/www.demoderm.com\/shop\/demoderm-rosacea-basic-care-30-g\/"},"modified":"2021-12-06T17:29:44","modified_gmt":"2021-12-06T16:29:44","slug":"demoderm-rosacea-basis-pflege-creme-30-g","status":"publish","type":"product","link":"https:\/\/www.demoderm.com\/at\/shop\/demoderm-rosacea-basis-pflege-creme-30-g\/","title":{"rendered":"DemoDerm Rosacea Basis Pflege 30 g"},"content":{"rendered":"<p><strong>Sie erhalten die DemoDerm Rosacea Basis Pflege in der neuen umweltfreundlichen Dose.<\/strong><\/p>\n<p>Unsere DemoDerm Rosacea Basis Pflege ist wohltuend bei Hautproblemen wie Rosacea, ger\u00f6teter Haut, Akne und Couperose. Die Rosacea Creme wurde speziell f\u00fcr Erwachsene mit unreiner Haut entwickelt und konzipiert. Sie unterst\u00fctzt Ihre Haut z.B bei einem vermehrten Hautmilbenbefall sich wieder zu erholen und sich selbst zu regenerieren. Die spezielle Kombination aus Zinkoxid und Schwefel kann dabei helfen die Haut vor \u00dcberfettung zu sch\u00fctzen, die Talgproduktion zu hemmen, um so zu einem besseren Hautbild zu f\u00fchren.<\/p>\n<h3>Hilf der Haut sich selbst zu helfen<\/h3>\n<p>DemoDerm eignet sich begleitend f\u00fcr alle Ma\u00dfnahmen, die das Ziel der k\u00f6rpereigenen Hautregeneration, die St\u00e4rkung der Hautbarriere und die Optimierung des Hautmikrobioms als Ziel haben.<br \/>\nDemoDerm Rosacea Basis Pflege f\u00fcr die Regeneration der Haut bei vermehrtem Hautmilbenbefall. Sie bildet die Basis f\u00fcr die Regeneration der Haut. So kann sich ihr Hautmikrobiom wieder selber ausbalancieren. Hilf der Haut sich selbst zu helfen &#8211; mit einem ausgewogenen Hautmikrobiom.<\/p>\n<h3>Menthol, Zink und Schwefel bilden die Grundlage<\/h3>\n<p>Menthol wirkt auf die Haut erfrischend und k\u00fchlend. Schwefel wird in Kombination mit anderen Stoffen gerne in kosmetischen Produkten eingesetzt, nicht zuletzt wegen seiner desinfizierenden, entz\u00fcndungshemmenden Eigenschaften und kann zudem die Oberhaut bei verdickten Hornschichten erweichen. Zink ist ein echtes Multitalent f\u00fcr die Haut. Gut kombiniert wird Zink entz\u00fcndungshemmende Eigenschaften zugesprochen, wird es als UV-Schutz eigensetzt und zur Normalisierung der Talgproduktion genutzt. Zink und Schwefel bilden daher bei Rosacea, R\u00f6tungen, Hautunreinheiten und Akne eine ideale synergetische Grundlage<\/p>\n<h3>Sehr ergiebig<\/h3>\n<p>Ihre leichte samtige Textur ist angenehm auf die ger\u00f6tete sensible Haut aufzutragen. Zugleich ist die Creme durch ihre leichte Konsistenz sehr ergiebig und kann sparsam angewendet werden.<br \/>\nInhalt 20 g: ca. 60 Anwendungen<br \/>\nInhalt 30 g: ca. 90 Anwendungen<\/p>\n<h3>Ingredients<\/h3>\n<p>&#8220;INGREDIENTS&#8221; Aqua, Propylene glycol, Stearyl alcohol, Sulfur, Zinc oxide, Glycerin, Isopropyl palmitate, Palmitic acid, Stearic acid, Petrolatum, Glyceryl stearate, Dimethicone, Menthol, Lanolin, Sorbitan stearate, Polysorbate 80, Triticum vulgare (wheat) germ oil, Phenoxyethanol, Sodium hypochlorit, Salicylic acid, Benzyl alcohol, Sodium lauryl sulfate<\/p>\n<h2 class=\"ob-spp-pd-headline mt-40 mt-30-s\">Anwendung der DemoDerm Rosacea Basis Pflege<\/h2>\n<p>Tragen Sie DemoDerm zweimal t\u00e4glich, abends und morgens, sparsam auf die mit lauwarmem Wasser gereinigte Gesichtshaut auf.\u00a0Cremen Sie die Rosacea Basis Pflege bitte nicht im Bereich der Augen.<\/p>\n<p>Auf der noch leicht feuchten Haut l\u00e4sst sich DemoDerm sparsam und d\u00fcnn auftragen. Ein wei\u00dfer Film auf der Haut ist ein Hinweis, dass Sie die Rosacea Basis Pflege zu dick auftragen. DemoDerm ist sehr effektiv, eine geringe Menge (Stecknadel gro\u00df) gen\u00fcgt! In der Regel reicht eine Dose 4 \u2013 8 Wochen, bzw. f\u00fcr ca. 60 bis 90 Anwendungen, je nachdem wieviel Gesichtshaut Sie eincremen.<\/p>\n<p>Die DemoDerm Rosacea Basis Pflege kann im Gesicht, sowie im Halsbereich gecremt werden. Dar\u00fcber hinaus findet Sie auch gerne Anwendung auf dem oberen R\u00fcckenbereich und der Kopfhaut.<\/p>\n<h3>Hinweise zur Anwendung<\/h3>\n<p>Die Rosacea Creme sollte lange genug gecremt werden, wir empfehlen mindestens 6 Wochen mit der DemoDerm Rosacea Basis Pflege zu cremen. Ihre Haut kann in den ersten 6 Wochen des Cremens zwar sporadisch und vorr\u00fcbergehend trocken und schuppig werden. Dies ist aber eher ein Hinweis auf die Wirkung von DemoDerm und kann durchaus erw\u00fcnscht sein. In diesem Fall k\u00f6nnen Sie bei Bedarf gerne zus\u00e4tzlich eine reichhaltige Creme, bzw. r\u00fcckfettende Creme verwenden.<\/p>\n<p><strong>Wichtig!<\/strong><\/p>\n<p>In der Regel verbessert sich die Haut durch das Cremen mit der DemoDerm Rosacea Basis Pflege. In einigen F\u00e4llen verschlechtert sich die Haut vor\u00fcbergehend innerhalb der ersten Wochen des Cremens. Beides, sowohl eine sch\u00f6ne Haut, wie auch eine vorr\u00fcbergehende Verschlechterung sind Hinweise auf die Wirksamkeit von DemoDerm. Lassen Sie sich von einer vorr\u00fcbergehenden Verschlechterung der Haut nicht entmutigen. Cremen Sie die DemoDerm Rosacea Basis Pflege lange genug. Durchhalten lohnt sich, das best\u00e4tigen uns DemoDerm Anwender immer wieder aufs Neue.<\/p>\n<h3>Die 3 Phasen der Anwendung!<\/h3>\n<p>F\u00fcr einen langanhaltenden Erfolg empfehlen wir ihnen die Creme lange genug anzuwenden. Es lohnt sich!<\/p>\n<p><img decoding=\"async\" class=\"mt-30 mt-20-s hide-mobile\" src=\"https:\/\/www.demoderm.com\/wp-content\/uploads\/dd-3-phase-approach-v.png\" alt=\"DemoDerm - 3 Phasen Anwendung\" \/><img decoding=\"async\" class=\"mt-30 mt-20-s only-mobile\" src=\"https:\/\/www.demoderm.com\/wp-content\/uploads\/dd-3-phase-approach-h.png\" alt=\"DemoDerm - 3 Phasen Anwendung\" \/><\/p>\n<h3>Weniger ist mehr<\/h3>\n<p>DemoDerm ist mehr als eine Creme &#8211; es ist ein Weg. Weniger ist mehr. Meiden Sie das \u00dcberpflegen Ihrer Haut. Verzichten Sie in der Zeit in der Sie mit Demoderm cremen auf Reinigungsprodukte und Feuchtigkeitscremes. Je mehr Sie ihre Kosmetik reduzieren, desto schneller kommen Sie an Ihr Ziel. Vielleicht haben Sie am Anfang noch Bedenken, ohne Make-up aus dem Haus zu gehen, vielleicht glauben Sie, ohne spezielle Reinigungsprodukte kommen Sie nicht aus und vielleicht f\u00e4llt es Ihnen schwer auf die geliebte Feuchtigkeitspflege und Anti-Aging Produkte zu verzichten. Probieren Sie es aus, Sie werden sehen, wie gut es Ihrer Haut tut f\u00fcr ein paar Wochen auf zus\u00e4tzliche Pflege zu verzichten. Wir unterst\u00fctzen Sie gerne.<\/p>\n","protected":false},"excerpt":{"rendered":"<p>Die DemoDerm Rosacea Basis Pflege, der Nachfolger der DemoDerm Anti-Pickel-Creme, erstrahlt im erfrischenden Mint-Pastell Design!<\/p>\n<ul>\n<li>SPEZIELL F\u00dcR PROBLEMHAUT ENTWICKELT: Unsere Pflegesalbe bew\u00e4hrt sich bei Hautproblemen wie Rosacea, Akne, Pickel, ger\u00f6teter Gesichtshaut und Couperose. Weiters kann die Creme nervige Mitesser beseitigen.<\/li>\n<li>DIE REGENERATION: Unterst\u00fctzt die Regeneration der Haut bei vermehrtem Hautmilbenbefall. Die Haut kann sich so wieder schneller erholen und das Hautmikrobiom kann sich wieder selbst ausbalancieren. Hilf der Haut sich selbst zu helfen.<\/li>\n<li>HERGESTELLT IN DEUTSCHLAND: Die Demoderm Basis Pflege wird ausschlie\u00dflich in Deutschland hergestellt.<\/li>\n<\/ul>\n<p><strong>Sie haben schon vieles probiert &#8211; bisher erfolglos? Dann sollten Sie sich DemoDerm nicht entgehen lassen.<\/strong><\/p>\n","protected":false},"featured_media":9520,"template":"","meta":[],"product_brand":[],"product_cat":[103],"product_tag":[],"class_list":{"0":"post-9528","1":"product","2":"type-product","3":"status-publish","4":"has-post-thumbnail","6":"product_cat-unkategorisiert-at","7":"sales-flash-overlay","8":"woocommerce-text-align-center","9":"woocommerce-image-align-center","10":"do-quantity-buttons","12":"first","13":"instock","14":"featured","15":"taxable","16":"shipping-taxable","17":"purchasable","18":"product-type-simple"},"yoast_head":"<!-- This site is optimized with the Yoast SEO plugin v27.4 - https:\/\/yoast.com\/product\/yoast-seo-wordpress\/ -->\n<title>DemoDerm Rosacea Basis Pflege 30 g - DemoDerm - Europe<\/title>\n<meta name=\"robots\" content=\"index, follow, max-snippet:-1, max-image-preview:large, max-video-preview:-1\" \/>\n<link rel=\"canonical\" href=\"https:\/\/www.demoderm.com\/at\/shop\/demoderm-rosacea-basis-pflege-creme-30-g\/\" \/>\n<meta property=\"og:locale\" content=\"de_DE\" \/>\n<meta property=\"og:type\" content=\"article\" \/>\n<meta property=\"og:title\" content=\"DemoDerm Rosacea Basis Pflege 30 g - DemoDerm - Europe\" \/>\n<meta property=\"og:description\" content=\"Die DemoDerm Rosacea Basis Pflege, der Nachfolger der DemoDerm Anti-Pickel-Creme, erstrahlt im erfrischenden Mint-Pastell Design!    SPEZIELL F\u00dcR PROBLEMHAUT ENTWICKELT: Unsere Pflegesalbe bew\u00e4hrt sich bei Hautproblemen wie Rosacea, Akne, Pickel, ger\u00f6teter Gesichtshaut und Couperose. Weiters kann die Creme nervige Mitesser beseitigen.  DIE REGENERATION: Unterst\u00fctzt die Regeneration der Haut bei vermehrtem Hautmilbenbefall. Die Haut kann sich so wieder schneller erholen und das Hautmikrobiom kann sich wieder selbst ausbalancieren. Hilf der Haut sich selbst zu helfen.  HERGESTELLT IN DEUTSCHLAND: Die Demoderm Basis Pflege wird ausschlie\u00dflich in Deutschland hergestellt.  Sie haben schon vieles probiert - bisher erfolglos? Dann sollten Sie sich DemoDerm nicht entgehen lassen.\" \/>\n<meta property=\"og:url\" content=\"https:\/\/www.demoderm.com\/at\/shop\/demoderm-rosacea-basis-pflege-creme-30-g\/\" \/>\n<meta property=\"og:site_name\" content=\"DemoDerm - Europe\" \/>\n<meta property=\"article:publisher\" content=\"https:\/\/www.facebook.com\/DemoDermGermany\/\" \/>\n<meta property=\"article:modified_time\" content=\"2021-12-06T16:29:44+00:00\" \/>\n<meta property=\"og:image\" content=\"https:\/\/www.demoderm.com\/wp-content\/uploads\/demoderm-rosacea-basis-pflege.png\" \/>\n\t<meta property=\"og:image:width\" content=\"1920\" \/>\n\t<meta property=\"og:image:height\" content=\"1920\" \/>\n\t<meta property=\"og:image:type\" content=\"image\/png\" \/>\n<meta name=\"twitter:card\" content=\"summary_large_image\" \/>\n<meta name=\"twitter:label1\" content=\"Est. reading time\" \/>\n\t<meta name=\"twitter:data1\" content=\"4 minutes\" \/>\n<script type=\"application\/ld+json\" class=\"yoast-schema-graph\">{\"@context\":\"https:\\\/\\\/schema.org\",\"@graph\":[{\"@type\":\"WebPage\",\"@id\":\"https:\\\/\\\/www.demoderm.com\\\/at\\\/shop\\\/demoderm-rosacea-basis-pflege-creme-30-g\\\/\",\"url\":\"https:\\\/\\\/www.demoderm.com\\\/at\\\/shop\\\/demoderm-rosacea-basis-pflege-creme-30-g\\\/\",\"name\":\"DemoDerm Rosacea Basis Pflege 30 g - DemoDerm - Europe\",\"isPartOf\":{\"@id\":\"https:\\\/\\\/www.demoderm.com\\\/at\\\/#website\"},\"primaryImageOfPage\":{\"@id\":\"https:\\\/\\\/www.demoderm.com\\\/at\\\/shop\\\/demoderm-rosacea-basis-pflege-creme-30-g\\\/#primaryimage\"},\"image\":{\"@id\":\"https:\\\/\\\/www.demoderm.com\\\/at\\\/shop\\\/demoderm-rosacea-basis-pflege-creme-30-g\\\/#primaryimage\"},\"thumbnailUrl\":\"https:\\\/\\\/www.demoderm.com\\\/wp-content\\\/uploads\\\/demoderm-rosacea-basis-pflege.png\",\"datePublished\":\"2021-01-26T16:56:33+00:00\",\"dateModified\":\"2021-12-06T16:29:44+00:00\",\"breadcrumb\":{\"@id\":\"https:\\\/\\\/www.demoderm.com\\\/at\\\/shop\\\/demoderm-rosacea-basis-pflege-creme-30-g\\\/#breadcrumb\"},\"inLanguage\":\"de-AT-formal\",\"potentialAction\":[{\"@type\":\"ReadAction\",\"target\":[\"https:\\\/\\\/www.demoderm.com\\\/at\\\/shop\\\/demoderm-rosacea-basis-pflege-creme-30-g\\\/\"]}]},{\"@type\":\"ImageObject\",\"inLanguage\":\"de-AT-formal\",\"@id\":\"https:\\\/\\\/www.demoderm.com\\\/at\\\/shop\\\/demoderm-rosacea-basis-pflege-creme-30-g\\\/#primaryimage\",\"url\":\"https:\\\/\\\/www.demoderm.com\\\/wp-content\\\/uploads\\\/demoderm-rosacea-basis-pflege.png\",\"contentUrl\":\"https:\\\/\\\/www.demoderm.com\\\/wp-content\\\/uploads\\\/demoderm-rosacea-basis-pflege.png\",\"width\":1920,\"height\":1920,\"caption\":\"DemoDerm Rosacea Basis Pflege\"},{\"@type\":\"BreadcrumbList\",\"@id\":\"https:\\\/\\\/www.demoderm.com\\\/at\\\/shop\\\/demoderm-rosacea-basis-pflege-creme-30-g\\\/#breadcrumb\",\"itemListElement\":[{\"@type\":\"ListItem\",\"position\":1,\"name\":\"Startseite\",\"item\":\"https:\\\/\\\/www.demoderm.com\\\/at\\\/\"},{\"@type\":\"ListItem\",\"position\":2,\"name\":\"Shop (WooCommerce Standardseite)\",\"item\":\"https:\\\/\\\/www.demoderm.com\\\/at\\\/online-shop\\\/\"},{\"@type\":\"ListItem\",\"position\":3,\"name\":\"DemoDerm Rosacea Basis Pflege 30 g\"}]},{\"@type\":\"WebSite\",\"@id\":\"https:\\\/\\\/www.demoderm.com\\\/at\\\/#website\",\"url\":\"https:\\\/\\\/www.demoderm.com\\\/at\\\/\",\"name\":\"DemoDerm - Europe\",\"description\":\"less is more - do it the DemoDerm way\",\"publisher\":{\"@id\":\"https:\\\/\\\/www.demoderm.com\\\/at\\\/#organization\"},\"potentialAction\":[{\"@type\":\"SearchAction\",\"target\":{\"@type\":\"EntryPoint\",\"urlTemplate\":\"https:\\\/\\\/www.demoderm.com\\\/at\\\/?s={search_term_string}\"},\"query-input\":{\"@type\":\"PropertyValueSpecification\",\"valueRequired\":true,\"valueName\":\"search_term_string\"}}],\"inLanguage\":\"de-AT-formal\"},{\"@type\":\"Organization\",\"@id\":\"https:\\\/\\\/www.demoderm.com\\\/at\\\/#organization\",\"name\":\"DemoDerm - Europe\",\"url\":\"https:\\\/\\\/www.demoderm.com\\\/at\\\/\",\"logo\":{\"@type\":\"ImageObject\",\"inLanguage\":\"de-AT-formal\",\"@id\":\"https:\\\/\\\/www.demoderm.com\\\/at\\\/#\\\/schema\\\/logo\\\/image\\\/\",\"url\":\"https:\\\/\\\/www.demoderm.com\\\/wp-content\\\/uploads\\\/logo-demoderm-120.png\",\"contentUrl\":\"https:\\\/\\\/www.demoderm.com\\\/wp-content\\\/uploads\\\/logo-demoderm-120.png\",\"width\":263,\"height\":121,\"caption\":\"DemoDerm - Europe\"},\"image\":{\"@id\":\"https:\\\/\\\/www.demoderm.com\\\/at\\\/#\\\/schema\\\/logo\\\/image\\\/\"},\"sameAs\":[\"https:\\\/\\\/www.facebook.com\\\/DemoDermGermany\\\/\"]}]}<\/script>\n<!-- \/ Yoast SEO plugin. -->","yoast_head_json":{"title":"DemoDerm Rosacea Basis Pflege 30 g - DemoDerm - Europe","robots":{"index":"index","follow":"follow","max-snippet":"max-snippet:-1","max-image-preview":"max-image-preview:large","max-video-preview":"max-video-preview:-1"},"canonical":"https:\/\/www.demoderm.com\/at\/shop\/demoderm-rosacea-basis-pflege-creme-30-g\/","og_locale":"de_DE","og_type":"article","og_title":"DemoDerm Rosacea Basis Pflege 30 g - DemoDerm - Europe","og_description":"Die DemoDerm Rosacea Basis Pflege, der Nachfolger der DemoDerm Anti-Pickel-Creme, erstrahlt im erfrischenden Mint-Pastell Design!    SPEZIELL F\u00dcR PROBLEMHAUT ENTWICKELT: Unsere Pflegesalbe bew\u00e4hrt sich bei Hautproblemen wie Rosacea, Akne, Pickel, ger\u00f6teter Gesichtshaut und Couperose. Weiters kann die Creme nervige Mitesser beseitigen.  DIE REGENERATION: Unterst\u00fctzt die Regeneration der Haut bei vermehrtem Hautmilbenbefall. Die Haut kann sich so wieder schneller erholen und das Hautmikrobiom kann sich wieder selbst ausbalancieren. Hilf der Haut sich selbst zu helfen.  HERGESTELLT IN DEUTSCHLAND: Die Demoderm Basis Pflege wird ausschlie\u00dflich in Deutschland hergestellt.  Sie haben schon vieles probiert - bisher erfolglos? Dann sollten Sie sich DemoDerm nicht entgehen lassen.","og_url":"https:\/\/www.demoderm.com\/at\/shop\/demoderm-rosacea-basis-pflege-creme-30-g\/","og_site_name":"DemoDerm - Europe","article_publisher":"https:\/\/www.facebook.com\/DemoDermGermany\/","article_modified_time":"2021-12-06T16:29:44+00:00","og_image":[{"width":1920,"height":1920,"url":"https:\/\/www.demoderm.com\/wp-content\/uploads\/demoderm-rosacea-basis-pflege.png","type":"image\/png"}],"twitter_card":"summary_large_image","twitter_misc":{"Est. reading time":"4 minutes"},"schema":{"@context":"https:\/\/schema.org","@graph":[{"@type":"WebPage","@id":"https:\/\/www.demoderm.com\/at\/shop\/demoderm-rosacea-basis-pflege-creme-30-g\/","url":"https:\/\/www.demoderm.com\/at\/shop\/demoderm-rosacea-basis-pflege-creme-30-g\/","name":"DemoDerm Rosacea Basis Pflege 30 g - DemoDerm - Europe","isPartOf":{"@id":"https:\/\/www.demoderm.com\/at\/#website"},"primaryImageOfPage":{"@id":"https:\/\/www.demoderm.com\/at\/shop\/demoderm-rosacea-basis-pflege-creme-30-g\/#primaryimage"},"image":{"@id":"https:\/\/www.demoderm.com\/at\/shop\/demoderm-rosacea-basis-pflege-creme-30-g\/#primaryimage"},"thumbnailUrl":"https:\/\/www.demoderm.com\/wp-content\/uploads\/demoderm-rosacea-basis-pflege.png","datePublished":"2021-01-26T16:56:33+00:00","dateModified":"2021-12-06T16:29:44+00:00","breadcrumb":{"@id":"https:\/\/www.demoderm.com\/at\/shop\/demoderm-rosacea-basis-pflege-creme-30-g\/#breadcrumb"},"inLanguage":"de-AT-formal","potentialAction":[{"@type":"ReadAction","target":["https:\/\/www.demoderm.com\/at\/shop\/demoderm-rosacea-basis-pflege-creme-30-g\/"]}]},{"@type":"ImageObject","inLanguage":"de-AT-formal","@id":"https:\/\/www.demoderm.com\/at\/shop\/demoderm-rosacea-basis-pflege-creme-30-g\/#primaryimage","url":"https:\/\/www.demoderm.com\/wp-content\/uploads\/demoderm-rosacea-basis-pflege.png","contentUrl":"https:\/\/www.demoderm.com\/wp-content\/uploads\/demoderm-rosacea-basis-pflege.png","width":1920,"height":1920,"caption":"DemoDerm Rosacea Basis Pflege"},{"@type":"BreadcrumbList","@id":"https:\/\/www.demoderm.com\/at\/shop\/demoderm-rosacea-basis-pflege-creme-30-g\/#breadcrumb","itemListElement":[{"@type":"ListItem","position":1,"name":"Startseite","item":"https:\/\/www.demoderm.com\/at\/"},{"@type":"ListItem","position":2,"name":"Shop (WooCommerce Standardseite)","item":"https:\/\/www.demoderm.com\/at\/online-shop\/"},{"@type":"ListItem","position":3,"name":"DemoDerm Rosacea Basis Pflege 30 g"}]},{"@type":"WebSite","@id":"https:\/\/www.demoderm.com\/at\/#website","url":"https:\/\/www.demoderm.com\/at\/","name":"DemoDerm - Europe","description":"less is more - do it the DemoDerm way","publisher":{"@id":"https:\/\/www.demoderm.com\/at\/#organization"},"potentialAction":[{"@type":"SearchAction","target":{"@type":"EntryPoint","urlTemplate":"https:\/\/www.demoderm.com\/at\/?s={search_term_string}"},"query-input":{"@type":"PropertyValueSpecification","valueRequired":true,"valueName":"search_term_string"}}],"inLanguage":"de-AT-formal"},{"@type":"Organization","@id":"https:\/\/www.demoderm.com\/at\/#organization","name":"DemoDerm - Europe","url":"https:\/\/www.demoderm.com\/at\/","logo":{"@type":"ImageObject","inLanguage":"de-AT-formal","@id":"https:\/\/www.demoderm.com\/at\/#\/schema\/logo\/image\/","url":"https:\/\/www.demoderm.com\/wp-content\/uploads\/logo-demoderm-120.png","contentUrl":"https:\/\/www.demoderm.com\/wp-content\/uploads\/logo-demoderm-120.png","width":263,"height":121,"caption":"DemoDerm - Europe"},"image":{"@id":"https:\/\/www.demoderm.com\/at\/#\/schema\/logo\/image\/"},"sameAs":["https:\/\/www.facebook.com\/DemoDermGermany\/"]}]}},"tiered_pricing_type":"fixed","tiered_pricing_fixed_rules":[],"tiered_pricing_product_settings":{"layout":"default","base_unit_name":{"singular":null,"plural":null},"default_variation":null},"tiered_pricing_minimum_quantity":null,"tiered_pricing_roles_data":[],"tiered_pricing_percentage_rules":[],"tiered_pricing_maximum_quantity":null,"tiered_pricing_quantity_step":null,"_links":{"self":[{"href":"https:\/\/www.demoderm.com\/at\/wp-json\/wp\/v2\/product\/9528","targetHints":{"allow":["GET"]}}],"collection":[{"href":"https:\/\/www.demoderm.com\/at\/wp-json\/wp\/v2\/product"}],"about":[{"href":"https:\/\/www.demoderm.com\/at\/wp-json\/wp\/v2\/types\/product"}],"wp:featuredmedia":[{"embeddable":true,"href":"https:\/\/www.demoderm.com\/at\/wp-json\/wp\/v2\/media\/9520"}],"wp:attachment":[{"href":"https:\/\/www.demoderm.com\/at\/wp-json\/wp\/v2\/media?parent=9528"}],"wp:term":[{"taxonomy":"product_brand","embeddable":true,"href":"https:\/\/www.demoderm.com\/at\/wp-json\/wp\/v2\/product_brand?post=9528"},{"taxonomy":"product_cat","embeddable":true,"href":"https:\/\/www.demoderm.com\/at\/wp-json\/wp\/v2\/product_cat?post=9528"},{"taxonomy":"product_tag","embeddable":true,"href":"https:\/\/www.demoderm.com\/at\/wp-json\/wp\/v2\/product_tag?post=9528"}],"curies":[{"name":"wp","href":"https:\/\/api.w.org\/{rel}","templated":true}]}}